{"id":2,"date":"2020-08-30T21:30:01","date_gmt":"2020-08-30T21:30:01","guid":{"rendered":"https:\/\/koeln-ads.iveco.de\/?page_id=2"},"modified":"2020-08-31T13:13:40","modified_gmt":"2020-08-31T13:13:40","slug":"sample-page","status":"publish","type":"page","link":"https:\/\/koeln-ads.iveco.de\/","title":{"rendered":"Sofort verf\u00fcgbaren Daily Easy-Modelle"},"content":{"rendered":"<p>[et_pb_section fb_built=&#8220;1&#8243; _builder_version=&#8220;4.0.5&#8243; custom_padding=&#8220;3px|3px|2px|||&#8220;][et_pb_row column_structure=&#8220;1_2,1_2&#8243; disabled_on=&#8220;off|off|off&#8220; admin_label=&#8220;Erstezeile Tablet Mobil&#8220; _builder_version=&#8220;4.0.5&#8243; background_color=&#8220;#eeeeee&#8220; width_tablet=&#8220;102%&#8220; width_phone=&#8220;102%&#8220; width_last_edited=&#8220;on|phone&#8220; custom_margin=&#8220;||||false|false&#8220; custom_padding=&#8220;0px||0px||false|false&#8220; module_alignment_tablet=&#8220;left&#8220; module_alignment_last_edited=&#8220;off|desktop&#8220; custom_css_main_element=&#8220;height: 85px;||display: flex;&#8220; box_shadow_style=&#8220;preset1&#8243; box_shadow_blur=&#8220;16px&#8220; saved_tabs=&#8220;all&#8220; collapsed=&#8220;off&#8220; width__hover_enabled=&#8220;off|desktop&#8220; custom_css_main_element_last_edited=&#8220;on|phone&#8220; custom_css_main_element_tablet=&#8220;height: 85px;||display: flex;&#8220; custom_css_main_element_phone=&#8220;height: 80px;||display: flex;&#8220;][et_pb_column type=&#8220;1_2&#8243; _builder_version=&#8220;4.0.5&#8243;][et_pb_image src=&#8220;https:\/\/koeln-ads.iveco.de\/wp-content\/uploads\/2020\/08\/Bildschirmfoto-2020-08-31-um-00.28.16.png&#8220; title_text=&#8220;Bildschirmfoto 2020-08-31 um 00.28.16&#8243; _builder_version=&#8220;4.6.0&#8243; width=&#8220;60%&#8220; width_tablet=&#8220;80%&#8220; width_phone=&#8220;100%&#8220; width_last_edited=&#8220;on|desktop&#8220; module_alignment=&#8220;left&#8220; custom_margin=&#8220;28px||auto||false|false&#8220; custom_margin_tablet=&#8220;&#8220; custom_margin_phone=&#8220;29px||||false|false&#8220; custom_margin_last_edited=&#8220;on|phone&#8220; custom_padding=&#8220;0px||0px|28px|false|false&#8220; custom_css_main_element_last_edited=&#8220;on|tablet&#8220; custom_css_main_element_tablet=&#8220;display: flex !important;  ||flex-direction: column !important;  ||justify-content: center !important; &#8222;][\/et_pb_image][\/et_pb_column][et_pb_column type=&#8220;1_2&#8243; _builder_version=&#8220;4.0.5&#8243;][et_pb_divider show_divider=&#8220;off&#8220; _builder_version=&#8220;4.0.5&#8243;][\/et_pb_divider][\/et_pb_column][\/et_pb_row][et_pb_row _builder_version=&#8220;4.0.5&#8243; background_color=&#8220;#eeeeee&#8220; width_tablet=&#8220;102%&#8220; width_phone=&#8220;&#8220; width_last_edited=&#8220;on|tablet&#8220; custom_margin=&#8220;0px|auto|-3px|auto|false|false&#8220; custom_padding=&#8220;0px|0px|0px||false|false&#8220; box_shadow_style=&#8220;preset1&#8243; box_shadow_blur=&#8220;16px&#8220;][et_pb_column type=&#8220;4_4&#8243; _builder_version=&#8220;4.0.5&#8243;][et_pb_image force_fullwidth=&#8220;on&#8220; disabled_on=&#8220;on|off|off&#8220; _builder_version=&#8220;4.0.5&#8243; background_color=&#8220;#000000&#8243; custom_margin=&#8220;0px||0px||false|false&#8220; custom_padding=&#8220;30px||0px|||&#8220;][\/et_pb_image][et_pb_cta disabled_on=&#8220;off|on|on&#8220; _builder_version=&#8220;4.6.0&#8243; header_font=&#8220;Gill Sans Bold||||||||&#8220; body_font=&#8220;Gill Sans Bold||||||||&#8220; body_font_size=&#8220;26px&#8220; body_line_height=&#8220;1em&#8220; background_color=&#8220;#000000&#8243; custom_margin=&#8220;||-11px||false|false&#8220; custom_padding=&#8220;17px||11px||false|false&#8220;]<span style=\"font-size: xx-large;\">LEICHT ZU HABEN<\/span><br \/>Schon ab 19.999 \u20ac<span style=\"font-size: small;\"><sup>*<\/sup><\/span>[\/et_pb_cta][et_pb_button _builder_version=&#8220;4.0.5&#8243;][\/et_pb_button][\/et_pb_column][\/et_pb_row][et_pb_row _builder_version=&#8220;4.6.0&#8243; background_image=&#8220;https:\/\/koeln-ads.iveco.de\/wp-content\/uploads\/2020\/08\/3012_Daily_Kampagne_EasyDaily_1440x325.jpg&#8220; z_index=&#8220;999&#8243; width_tablet=&#8220;102%&#8220; width_phone=&#8220;102%&#8220; width_last_edited=&#8220;on|tablet&#8220; height=&#8220;274px&#8220; height_tablet=&#8220;234px&#8220; height_phone=&#8220;146px&#8220; height_last_edited=&#8220;on|phone&#8220; max_height=&#8220;488px&#8220; custom_padding=&#8220;|26px|||false|false&#8220; box_shadow_style=&#8220;preset1&#8243; box_shadow_blur=&#8220;16px&#8220;][et_pb_column type=&#8220;4_4&#8243; _builder_version=&#8220;4.0.5&#8243;][et_pb_blurb disabled_on=&#8220;on|off|off&#8220; _builder_version=&#8220;4.6.0&#8243; header_font_size=&#8220;24px&#8220; body_font=&#8220;Gill Sans Bold|700|||||||&#8220; body_text_color=&#8220;#ffffff&#8220; body_font_size=&#8220;27px&#8220; body_line_height=&#8220;1.2em&#8220; background_color=&#8220;rgba(0,0,0,0.7)&#8220; width=&#8220;48%&#8220; width_tablet=&#8220;50%&#8220; width_phone=&#8220;85%&#8220; width_last_edited=&#8220;on|phone&#8220; module_alignment=&#8220;right&#8220; custom_margin=&#8220;137px||41px||false|false&#8220; custom_margin_tablet=&#8220;&#8220; custom_margin_phone=&#8220;43px||||false|false&#8220; custom_margin_last_edited=&#8220;on|phone&#8220; custom_padding=&#8220;10px|10px|10px|10px|true|true&#8220; body_font_size_tablet=&#8220;32px&#8220; body_font_size_phone=&#8220;23px&#8220; body_font_size_last_edited=&#8220;on|phone&#8220;]<span style=\"font-size: xx-large;\">LEICHT ZU HABEN<\/span><br \/>Schon ab 19.999 \u20ac<span style=\"font-size: small;\"><sup>*<\/sup><\/span>[\/et_pb_blurb][et_pb_button button_url=&#8220;#kontakt&#8220; button_text=&#8220;Jetzt Angebot einholen&#8220; button_alignment=&#8220;right&#8220; disabled_on=&#8220;on|off|off&#8220; _builder_version=&#8220;4.0.5&#8243; custom_button=&#8220;on&#8220; button_text_size=&#8220;18px&#8220; button_text_color=&#8220;#ffffff&#8220; button_bg_color=&#8220;#003271&#8243; button_border_width=&#8220;0px&#8220; button_font=&#8220;Gill Sans Bold||||||||&#8220; button_icon=&#8220;%%20%%&#8220; button_on_hover=&#8220;off&#8220; button_rel=&#8220;off|off|off|off|off&#8220; custom_margin=&#8220;-21px||||false|false&#8220; custom_margin_tablet=&#8220;&#8220; custom_margin_phone=&#8220;-31px||16px||false|false&#8220; custom_margin_last_edited=&#8220;on|phone&#8220; button_text_size_tablet=&#8220;&#8220; button_text_size_phone=&#8220;16px&#8220; button_text_size_last_edited=&#8220;on|desktop&#8220; custom_css_main_element=&#8220;||&#8220;][\/et_pb_button][\/et_pb_column][\/et_pb_row][et_pb_row _builder_version=&#8220;4.0.5&#8243; background_color=&#8220;#eeeeee&#8220; background_size=&#8220;initial&#8220; background_position=&#8220;top_left&#8220; background_repeat=&#8220;repeat&#8220; z_index=&#8220;200&#8243; width_tablet=&#8220;102%&#8220; width_phone=&#8220;&#8220; width_last_edited=&#8220;on|phone&#8220; custom_padding=&#8220;25px|30px|25px|30px|true|true&#8220; box_shadow_style=&#8220;preset1&#8243; box_shadow_vertical=&#8220;10px&#8220;][et_pb_column type=&#8220;4_4&#8243; _builder_version=&#8220;3.25&#8243; custom_padding=&#8220;|||&#8220; custom_padding__hover=&#8220;|||&#8220;][et_pb_cta disabled_on=&#8220;off|on|on&#8220; _builder_version=&#8220;4.0.5&#8243; header_font=&#8220;Gill Sans Bold||||||||&#8220; header_font_size=&#8220;30px&#8220; body_font=&#8220;Gill Sans Bold||||||||&#8220; body_font_size=&#8220;30px&#8220; body_line_height=&#8220;1em&#8220; background_color=&#8220;#003271&#8243; custom_margin=&#8220;-25px|-30px||-30px|false|false&#8220; custom_padding=&#8220;26px||6px||false|false&#8220; link_option_url=&#8220;#kontakt&#8220;]<\/p>\n<p>JETZT ANGEBOT EINHOLEN &gt;<\/p>\n<p>[\/et_pb_cta][et_pb_text _builder_version=&#8220;4.6.0&#8243; text_font=&#8220;Gill Sans||||||||&#8220; header_2_font=&#8220;Gill Sans Bold||||||||&#8220; header_2_line_height=&#8220;1.3em&#8220; background_color=&#8220;#ffffff&#8220; background_size=&#8220;initial&#8220; background_position=&#8220;top_left&#8220; background_repeat=&#8220;repeat&#8220; custom_margin=&#8220;15px||15px||false|false&#8220; custom_padding=&#8220;21px|30px|21px|30px|true|true&#8220;]<\/p>\n<h2>Unsere sofort verf\u00fcgbaren Daily Easy-Modelle.\u00a0Erfahren Sie die neue Leichtigkeit des Daily.<\/h2>\n<p>[\/et_pb_text][et_pb_text module_id=&#8220;kontakt&#8220; _builder_version=&#8220;4.0.5&#8243; text_font=&#8220;Gill Sans||||||||&#8220; header_font=&#8220;Gill Sans Bold|||on|||||&#8220; header_2_font=&#8220;Gill Sans Bold|||on|||||&#8220; background_color=&#8220;#ffffff&#8220; background_size=&#8220;initial&#8220; background_position=&#8220;top_left&#8220; background_repeat=&#8220;repeat&#8220; custom_margin=&#8220;30px||0px||false|false&#8220; custom_padding=&#8220;30px|30px||30px|false|true&#8220;]<\/p>\n<h2 class=\"headline\"><strong>Denken Sie ans Business, nicht ans Geld: <\/strong><\/h2>\n<div class=\"copy\">\n<p><strong>Nehmen Sie noch heute Kontakt zu uns auf und profitieren Sie von unserem Profi-Angebot!<\/strong><\/p>\n<\/div>\n<p>[\/et_pb_text][dsm_contact_form_7 cf7_library=&#8220;5&#8243; show_validation=&#8220;on&#8220; label_bottom_spacing=&#8220;0px&#8220; button_alignment=&#8220;right&#8220; input_background_color=&#8220;#eeeeee&#8220; _builder_version=&#8220;4.6.0&#8243; labels_font=&#8220;Gill Sans Bold||||||||&#8220; input_textarea_select_font=&#8220;Gill Sans||on||||||&#8220; input_textarea_select_text_color=&#8220;#000000&#8243; error_validation_font=&#8220;Gill Sans||||||||&#8220; error_validation_text_color=&#8220;#000000&#8243; success_validation_font=&#8220;Gill Sans||||||||&#8220; success_validation_text_color=&#8220;#000000&#8243; background_enable_color=&#8220;off&#8220; custom_button_one=&#8220;on&#8220; button_one_text_color=&#8220;#ffffff&#8220; button_one_bg_color=&#8220;#000000&#8243; button_one_border_width=&#8220;0px&#8220; button_one_border_radius=&#8220;0px&#8220; button_one_font=&#8220;Gill Sans Light||||||||&#8220; button_one_icon=&#8220;%%20%%&#8220; button_one_on_hover=&#8220;off&#8220; custom_padding=&#8220;30px|30px|30px|30px|true|false&#8220; custom_css_main_element=&#8220;background-color: white;&#8220; border_width_all_image=&#8220;0.5px&#8220; border_color_all_error_validation=&#8220;#e02b20&#8243; border_color_all_validation_success=&#8220;#428c15&#8243;][\/dsm_contact_form_7][et_pb_text _builder_version=&#8220;4.6.0&#8243; text_font=&#8220;Gill Sans||||||||&#8220; header_2_font=&#8220;Gill Sans Bold||||||||&#8220; background_color=&#8220;#ffffff&#8220; background_size=&#8220;initial&#8220; background_position=&#8220;top_left&#8220; background_repeat=&#8220;repeat&#8220; custom_margin=&#8220;15px||15px||false|false&#8220; custom_padding=&#8220;30px|30px|30px|30px|true|true&#8220;]<\/p>\n<p class=\"box-txtimg__txt-title\"><span style=\"font-size: 14px; font-family: 'Gill Sans', serif; color: #666666;\">Warten Sie noch auf den perfekten Partner f\u00fcr Ihr Business? Wir haben die L\u00f6sung: der neue Daily \u2013 <\/span><b style=\"font-size: 14px; font-family: 'Gill Sans', serif; color: #666666;\">zuverl\u00e4ssig, robust und leistungsstark<\/b><span style=\"font-size: 14px; font-family: 'Gill Sans', serif; color: #666666;\">!<\/p>\n<p><\/span><span style=\"font-size: 14px; font-family: 'Gill Sans', serif; color: #666666;\">Dank seines stabilen Lkw-Leiterrahmens und seines verbesserten Designs passt er sich m\u00fchelos jeder Herausforderung an. Seine hohe Kraftstoffeffizienz und die niedrigen Gesamtbetriebskosten sorgen zudem f\u00fcr eine rundum gesunde Unternehmensbilanz. Wir machen Ihnen Ihre Wahl noch leichter: mit unseren <\/span><b style=\"font-size: 14px; font-family: 'Gill Sans', serif; color: #666666;\">Easy-Modellen<\/b><span style=\"font-size: 14px; font-family: 'Gill Sans', serif; color: #666666;\">! Serienm\u00e4\u00dfig ausgestattet mit Elektronischem Stabilit\u00e4tsprogramm (ESP), elektrisch beheizbaren Seitenspiegeln, Fahrer-Airbag, Beifahrer-Doppelsitzbank und Anh\u00e4ngerelektronik. Um Ihren Daily f\u00fcr jede Anforderung zu konfigurieren, stehen Ihnen viele weitere Optionen zur Verf\u00fcgung. Vom Kastenwagen bis zum Fahrgestell mit Pritsche \u2013 viele Modelle sind <\/span><b style=\"font-size: 14px; font-family: 'Gill Sans', serif; color: #666666;\">sofort<\/b><span style=\"font-size: 14px; font-family: 'Gill Sans', serif; color: #666666;\"> beim H\u00e4ndler f\u00fcr Sie <\/span><b style=\"font-size: 14px; font-family: 'Gill Sans', serif; color: #666666;\">verf\u00fcgbar<\/b><span style=\"font-size: 14px; font-family: 'Gill Sans', serif; color: #666666;\">.<\/p>\n<p><\/span><\/p>\n<div class=\"box-txtimg__txt-content\">\n<p><span>Und so einfach ist auch richtig <\/span><b>g\u00fcnstig<\/b><span>, denn mit den Easy-Modellen sparen Sie nicht nur Wartezeiten, sondern vor allem bares Geld! Mit einem unschlagbaren Preis ab 19.999 \u20ac* ist die Easy-Variante daher das optimale Fahrzeug f\u00fcr alle, die einfach einsteigen und losfahren wollen.<\/span><\/p>\n<\/div>\n<p>[\/et_pb_text][et_pb_text _builder_version=&#8220;4.6.0&#8243; text_font=&#8220;Gill Sans||||||||&#8220; header_2_font=&#8220;Gill Sans Bold||||||||&#8220; background_color=&#8220;#ffffff&#8220; background_size=&#8220;initial&#8220; background_position=&#8220;top_left&#8220; background_repeat=&#8220;repeat&#8220; custom_margin=&#8220;29px||15px||false|false&#8220; custom_padding=&#8220;27px|30px|20px|30px|false|false&#8220;]<\/p>\n<h2 class=\"box-txtimg__txt-title\">W\u00e4hlen Sie Ihren Businesspartner:<\/h2>\n<p>[\/et_pb_text][et_pb_text module_id=&#8220;kontakt&#8220; _builder_version=&#8220;4.0.5&#8243; text_font=&#8220;Gill Sans||||||||&#8220; header_font=&#8220;Gill Sans Bold|||on|||||&#8220; header_2_font=&#8220;Gill Sans Bold|||on|||||&#8220; background_color=&#8220;#ffffff&#8220; background_size=&#8220;initial&#8220; background_position=&#8220;top_left&#8220; background_repeat=&#8220;repeat&#8220; custom_margin=&#8220;30px||0px||false|false&#8220; custom_padding=&#8220;30px|30px||30px|false|true&#8220; inline_fonts=&#8220;Gill Sans&#8220;]<\/p>\n<h2 class=\"headline\">Kastenwagen\u00a0<span style=\"font-family: 'Gill Sans';\">Daily 35S 12-16 E V<\/span><\/h2>\n<p>[\/et_pb_text][et_pb_text _builder_version=&#8220;4.6.0&#8243; _module_preset=&#8220;default&#8220; background_color=&#8220;#FFFFFF&#8220; custom_margin=&#8220;||||false|false&#8220; custom_padding=&#8220;30px|30px||30px|false|true&#8220;]<\/p>\n<table border=\"0\" cellpadding=\"0\" cellspacing=\"0\" style=\"width: 100%;\">\n<tbody>\n<tr>\n<td style=\"width: 57.26913680781759%;\">\n<p><b>Technische Bandbreite:<\/b><\/p>\n<ul>\n<li>Manuelles Getriebe oder 8-Gang-Wandler-Automatikgetriebe HI-MATIC<\/li>\n<li>Zul\u00e4ssige Gesamtmasse: 3,5 t<\/li>\n<li>Ladevolumen: bis zu 16 m3<\/li>\n<li>Radstand: 3.520 bis 4.1000 mm<\/li>\n<li>Anh\u00e4ngelast: 3.500 kg<\/li>\n<\/ul>\n<p><b>Optionale Ausstattung:<\/b><\/p>\n<p><b><\/b><\/p>\n<ul>\n<li>R\u00fcckfahrsensoren<\/li>\n<li>260 Grad Heckt\u00fcren<\/li>\n<li>Ladeleuchte Heckt\u00fcren<\/li>\n<li>Fenster in Heckt\u00fcren (heizbar), Schiebet\u00fcr &amp; Trennwand<\/li>\n<li>Holzfu\u00dfboden<\/li>\n<li>Reserveradhalter Laderaum<\/li>\n<li>ASC Boden- und Seitenwandverkleidung + Zurrschienen<\/li>\n<\/ul>\n<\/td>\n<td style=\"width: 38.73086319218241%;\"><img loading=\"lazy\" src=\"https:\/\/koeln-ads.iveco.de\/wp-content\/uploads\/2020\/08\/daily-van.png\" width=\"225\" height=\"498\" alt=\"\" class=\"wp-image-33 alignnone size-full\" style=\"display: block; margin-left: auto; margin-right: auto;\" srcset=\"https:\/\/koeln-ads.iveco.de\/wp-content\/uploads\/2020\/08\/daily-van.png 331w, https:\/\/koeln-ads.iveco.de\/wp-content\/uploads\/2020\/08\/daily-van-136x300.png 136w\" sizes=\"(max-width: 225px) 100vw, 225px\" \/><\/td>\n<\/tr>\n<\/tbody>\n<\/table>\n<p>&nbsp;<\/p>\n<p>[\/et_pb_text][et_pb_cta title=&#8220;JETZT ANGEBOT EINHOLEN&#8220; _builder_version=&#8220;4.0.5&#8243; header_font=&#8220;Gill Sans Bold||||||||&#8220; background_color=&#8220;#003271&#8243; custom_padding=&#8220;||7px||false|false&#8220; link_option_url=&#8220;#kontakt&#8220;][\/et_pb_cta][et_pb_text module_id=&#8220;kontakt&#8220; _builder_version=&#8220;4.0.5&#8243; text_font=&#8220;Gill Sans||||||||&#8220; header_font=&#8220;Gill Sans Bold|||on|||||&#8220; header_2_font=&#8220;Gill Sans Bold|||on|||||&#8220; background_color=&#8220;#ffffff&#8220; background_size=&#8220;initial&#8220; background_position=&#8220;top_left&#8220; background_repeat=&#8220;repeat&#8220; custom_margin=&#8220;30px||0px||false|false&#8220; custom_padding=&#8220;30px|30px||30px|false|true&#8220; inline_fonts=&#8220;Gill Sans&#8220;]<\/p>\n<h2 class=\"headline\">Einzel- oder Doppelkabine mit Pritsche<br \/><span style=\"font-family: 'Gill Sans';\">Daily 35S 12 \u2013 16 E oder 35S 12 \u2013 16 E D<\/span><\/h2>\n<p>[\/et_pb_text][et_pb_text _builder_version=&#8220;4.6.0&#8243; _module_preset=&#8220;default&#8220; background_color=&#8220;#FFFFFF&#8220; custom_margin=&#8220;||||false|false&#8220; custom_padding=&#8220;3px|30px|0px|30px|false|true&#8220;]<\/p>\n<table border=\"0\" cellpadding=\"0\" cellspacing=\"0\" style=\"width: 100%; height: 100%;\">\n<tbody>\n<tr>\n<td style=\"width: 44.1351872246696%;\"><img loading=\"lazy\" src=\"https:\/\/koeln-ads.iveco.de\/wp-content\/uploads\/2020\/08\/daily-cab.png\" width=\"331\" height=\"554\" alt=\"\" class=\"wp-image-42 alignnone size-full\" srcset=\"https:\/\/koeln-ads.iveco.de\/wp-content\/uploads\/2020\/08\/daily-cab.png 331w, https:\/\/koeln-ads.iveco.de\/wp-content\/uploads\/2020\/08\/daily-cab-179x300.png 179w\" sizes=\"(max-width: 331px) 100vw, 331px\" \/><\/td>\n<td style=\"width: 50.8648127753304%;\"><b>Technische Bandbreite:<\/b><\/p>\n<ul>\n<li>Manuelles Getriebe oder 8-Gang-Wandler-Automatikgetriebe HI-MATIC<\/li>\n<li>Zul\u00e4ssige Gesamtmasse: 3,5 t<\/li>\n<li>Radstand: 3.450 bis 3.750 mm<\/li>\n<li>Anh\u00e4ngelast: 3.500 kg<\/li>\n<\/ul>\n<p><b>Optionale Ausstattung:<\/b><\/p>\n<p><b><\/b><\/p>\n<ul>\n<li>Scattolini Pritsche<\/li>\n<li>Henschel Kipp-Pritsche<\/li>\n<li>Scattolini Kipp-Pritsche mit Langmaterialtr\u00e4ger<\/li>\n<\/ul>\n<\/td>\n<\/tr>\n<\/tbody>\n<\/table>\n<p>[\/et_pb_text][et_pb_cta title=&#8220;JETZT ANGEBOT EINHOLEN&#8220; _builder_version=&#8220;4.0.5&#8243; header_font=&#8220;Gill Sans Bold||||||||&#8220; background_color=&#8220;#003271&#8243; custom_padding=&#8220;||7px||false|false&#8220; link_option_url=&#8220;#kontakt&#8220;][\/et_pb_cta][et_pb_text _builder_version=&#8220;4.6.0&#8243; text_font=&#8220;Gill Sans||||||||&#8220; header_2_font=&#8220;Gill Sans Bold||||||||&#8220; background_color=&#8220;#ffffff&#8220; background_size=&#8220;initial&#8220; background_position=&#8220;top_left&#8220; background_repeat=&#8220;repeat&#8220; custom_margin=&#8220;15px||15px||false|false&#8220; custom_padding=&#8220;30px|30px|30px|30px|true|true&#8220;]<\/p>\n<h2>Sie haben die Wahl!<\/h2>\n<ol>\n<li class=\"box-txtimg__txt-title\">Mehr Komfort: Mit dem optional erh\u00e4ltlichen 8-Gang-Wandler-Automatikgetriebe HI-MATIC genie\u00dfen Sie ein Fahrvergn\u00fcgen der ganz besonderen Art<\/li>\n<li class=\"box-txtimg__txt-title\">Mehr Leistung: 2,3-l-Motor in drei Varianten von 116 PS (86 kW) mit 320 Nm bis 156 PS (116 kW) mit 380 NmKonfigurieren Sie sich ganz einfach den Daily, der perfekt zu Ihren beruflichen Anforderungen passt! Daf\u00fcr stehen Ihnen viele <strong>weitere Ausstattungsoptionen<\/strong> zur Verf\u00fcgung.<\/li>\n<\/ol>\n<div class=\"box-txtimg__txt-content\"><\/div>\n<p>[\/et_pb_text][et_pb_text _builder_version=&#8220;4.6.0&#8243; text_font=&#8220;Gill Sans||||||||&#8220; header_2_font=&#8220;Gill Sans Bold||||||||&#8220; header_2_line_height=&#8220;1.2em&#8220; background_color=&#8220;#ffffff&#8220; background_size=&#8220;initial&#8220; background_position=&#8220;top_left&#8220; background_repeat=&#8220;repeat&#8220; custom_margin=&#8220;15px||15px||false|false&#8220; custom_padding=&#8220;30px|30px|30px|30px|true|true&#8220;]<\/p>\n<h2 class=\"box-txtimg__txt-title\">Warten Sie nicht l\u00e4nger: die Daily Easy-Modelle stehen schon in den Startl\u00f6chern und brennen darauf, f\u00fcr Ihr Business so richtig Gas zu geben! Fragen Sie Ihren IVECO-H\u00e4ndler.<\/h2>\n<div class=\"box-txtimg__txt-content\"><\/div>\n<p>[\/et_pb_text][et_pb_toggle title=&#8220;Legal&#8220; icon_color=&#8220;#000000&#8243; _builder_version=&#8220;4.6.0&#8243; title_text_color=&#8220;#000000&#8243; title_font=&#8220;Gill Sans Bold||||||||&#8220; body_font=&#8220;Gill Sans||||||||&#8220; background_color=&#8220;#ffffff&#8220; custom_margin=&#8220;30px||||false|false&#8220; hover_enabled=&#8220;0&#8243; border_width_all=&#8220;0px&#8220; sticky_enabled=&#8220;0&#8243;]<\/p>\n<p>* Sonderpreis zzgl. MwSt. und \u00dcberf\u00fchrungskosten f\u00fcr einen Daily 35S12V mit Radstand 3.520 mm und Dachh\u00f6he 1.900 mm. Dieses Angebot gilt f\u00fcr Gewerbekunden und nur bei teilnehmenden IVECO-Partnern bis 31.10.2020 und nur, solange der Vorrat reicht. Abbildungen unverbindlich, Modelle k\u00f6nnen abweichen. Irrtum, Widerruf, Fehler und \u00c4nderungen vorbehalten.\u200b<\/p>\n<p>[\/et_pb_toggle][\/et_pb_column][\/et_pb_row][\/et_pb_section]<\/p>\n","protected":false},"excerpt":{"rendered":"<p>[et_pb_section fb_built=&#8220;1&#8243; _builder_version=&#8220;4.0.5&#8243; custom_padding=&#8220;3px|3px|2px|||&#8220;][et_pb_row column_structure=&#8220;1_2,1_2&#8243; disabled_on=&#8220;off|off|off&#8220; admin_label=&#8220;Erstezeile Tablet Mobil&#8220; _builder_version=&#8220;4.0.5&#8243; background_color=&#8220;#eeeeee&#8220; width_tablet=&#8220;102%&#8220; width_phone=&#8220;102%&#8220; width_last_edited=&#8220;on|phone&#8220; custom_margin=&#8220;||||false|false&#8220; custom_padding=&#8220;0px||0px||false|false&#8220; module_alignment_tablet=&#8220;left&#8220; module_alignment_last_edited=&#8220;off|desktop&#8220; custom_css_main_element=&#8220;height: 85px;||display: flex;&#8220; box_shadow_style=&#8220;preset1&#8243; box_shadow_blur=&#8220;16px&#8220; saved_tabs=&#8220;all&#8220; collapsed=&#8220;off&#8220; width__hover_enabled=&#8220;off|desktop&#8220; custom_css_main_element_last_edited=&#8220;on|phone&#8220; custom_css_main_element_tablet=&#8220;height: 85px;||display: flex;&#8220; custom_css_main_element_phone=&#8220;height: 80px;||display: flex;&#8220;][et_pb_column type=&#8220;1_2&#8243; _builder_version=&#8220;4.0.5&#8243;][et_pb_image src=&#8220;https:\/\/koeln-ads.iveco.de\/wp-content\/uploads\/2020\/08\/Bildschirmfoto-2020-08-31-um-00.28.16.png&#8220; title_text=&#8220;Bildschirmfoto 2020-08-31 um 00.28.16&#8243; _builder_version=&#8220;4.6.0&#8243; width=&#8220;60%&#8220; width_tablet=&#8220;80%&#8220; width_phone=&#8220;100%&#8220; width_last_edited=&#8220;on|desktop&#8220; module_alignment=&#8220;left&#8220; custom_margin=&#8220;28px||auto||false|false&#8220; custom_margin_tablet=&#8220;&#8220; custom_margin_phone=&#8220;29px||||false|false&#8220; custom_margin_last_edited=&#8220;on|phone&#8220; custom_padding=&#8220;0px||0px|28px|false|false&#8220; custom_css_main_element_last_edited=&#8220;on|tablet&#8220; custom_css_main_element_tablet=&#8220;display: flex !important; [&hellip;]<\/p>\n","protected":false},"author":1,"featured_media":0,"parent":0,"menu_order":0,"comment_status":"closed","ping_status":"open","template":"","meta":{"_et_pb_use_builder":"on","_et_pb_old_content":"<!-- wp:paragraph -->\n<p>This is an example page. It's different from a blog post because it will stay in one place and will show up in your site navigation (in most themes). Most people start with an About page that introduces them to potential site visitors. It might say something like this:<\/p>\n<!-- \/wp:paragraph -->\n\n<!-- wp:quote -->\n<blockquote class=\"wp-block-quote\"><p>Hi there! I'm a bike messenger by day, aspiring actor by night, and this is my website. I live in Los Angeles, have a great dog named Jack, and I like pi&#241;a coladas. (And gettin' caught in the rain.)<\/p><\/blockquote>\n<!-- \/wp:quote -->\n\n<!-- wp:paragraph -->\n<p>...or something like this:<\/p>\n<!-- \/wp:paragraph -->\n\n<!-- wp:quote -->\n<blockquote class=\"wp-block-quote\"><p>The XYZ Doohickey Company was founded in 1971, and has been providing quality doohickeys to the public ever since. Located in Gotham City, XYZ employs over 2,000 people and does all kinds of awesome things for the Gotham community.<\/p><\/blockquote>\n<!-- \/wp:quote -->\n\n<!-- wp:paragraph -->\n<p>As a new WordPress user, you should go to <a href=\"https:\/\/koeln-ads.iveco.de\/wp-admin\/\">your dashboard<\/a> to delete this page and create new pages for your content. Have fun!<\/p>\n<!-- \/wp:paragraph -->","_et_gb_content_width":""},"_links":{"self":[{"href":"https:\/\/koeln-ads.iveco.de\/index.php?rest_route=\/wp\/v2\/pages\/2"}],"collection":[{"href":"https:\/\/koeln-ads.iveco.de\/index.php?rest_route=\/wp\/v2\/pages"}],"about":[{"href":"https:\/\/koeln-ads.iveco.de\/index.php?rest_route=\/wp\/v2\/types\/page"}],"author":[{"embeddable":true,"href":"https:\/\/koeln-ads.iveco.de\/index.php?rest_route=\/wp\/v2\/users\/1"}],"replies":[{"embeddable":true,"href":"https:\/\/koeln-ads.iveco.de\/index.php?rest_route=%2Fwp%2Fv2%2Fcomments&post=2"}],"version-history":[{"count":11,"href":"https:\/\/koeln-ads.iveco.de\/index.php?rest_route=\/wp\/v2\/pages\/2\/revisions"}],"predecessor-version":[{"id":52,"href":"https:\/\/koeln-ads.iveco.de\/index.php?rest_route=\/wp\/v2\/pages\/2\/revisions\/52"}],"wp:attachment":[{"href":"https:\/\/koeln-ads.iveco.de\/index.php?rest_route=%2Fwp%2Fv2%2Fmedia&parent=2"}],"curies":[{"name":"wp","href":"https:\/\/api.w.org\/{rel}","templated":true}]}}